{"id":11,"date":"2021-06-08T16:59:45","date_gmt":"2021-06-08T21:59:45","guid":{"rendered":"http:\/\/grupo-sam.com\/?page_id=11"},"modified":"2024-07-12T18:16:37","modified_gmt":"2024-07-12T23:16:37","slug":"nosotros","status":"publish","type":"page","link":"https:\/\/grupo-sam.com\/index.php\/nosotros\/","title":{"rendered":"Nosotros"},"content":{"rendered":"\t\t<div data-elementor-type=\"wp-page\" data-elementor-id=\"11\" class=\"elementor elementor-11\" data-elementor-settings=\"[]\">\n\t\t\t\t\t\t\t<div class=\"elementor-section-wrap\">\n\t\t\t\t\t\t\t<section class=\"elementor-section elementor-top-section elementor-element elementor-element-bf962b6 elementor-section-full_width elementor-section-height-default elementor-section-height-default\" data-id=\"bf962b6\" data-element_type=\"section\">\n\t\t\t\t\t\t<div class=\"elementor-container elementor-column-gap-default\">\n\t\t\t\t\t<div class=\"elementor-column elementor-col-100 elementor-top-column elementor-element elementor-element-af657e1\" data-id=\"af657e1\" data-element_type=\"column\">\n\t\t\t<div class=\"elementor-widget-wrap elementor-element-populated\">\n\t\t\t\t\t\t\t\t<div class=\"elementor-element elementor-element-6cb718e elementor-widget elementor-widget-image\" data-id=\"6cb718e\" data-element_type=\"widget\" data-widget_type=\"image.default\">\n\t\t\t\t<div class=\"elementor-widget-container\">\n\t\t\t\t\t\t\t\t\t\t\t\t\t\t\t<img loading=\"lazy\" decoding=\"async\" width=\"768\" height=\"1086\" src=\"https:\/\/grupo-sam.com\/wp-content\/uploads\/2021\/08\/JARDINERAS-TIPO-IQON-Jardineras-tipo-1-768x1086.png\" class=\"attachment-medium_large size-medium_large\" alt=\"\" srcset=\"https:\/\/grupo-sam.com\/wp-content\/uploads\/2021\/08\/JARDINERAS-TIPO-IQON-Jardineras-tipo-1-768x1086.png 768w, https:\/\/grupo-sam.com\/wp-content\/uploads\/2021\/08\/JARDINERAS-TIPO-IQON-Jardineras-tipo-1-212x300.png 212w, https:\/\/grupo-sam.com\/wp-content\/uploads\/2021\/08\/JARDINERAS-TIPO-IQON-Jardineras-tipo-1-724x1024.png 724w, https:\/\/grupo-sam.com\/wp-content\/uploads\/2021\/08\/JARDINERAS-TIPO-IQON-Jardineras-tipo-1-1086x1536.png 1086w, https:\/\/grupo-sam.com\/wp-content\/uploads\/2021\/08\/JARDINERAS-TIPO-IQON-Jardineras-tipo-1-1448x2048.png 1448w\" sizes=\"auto, (max-width: 768px) 100vw, 768px\" \/>\t\t\t\t\t\t\t\t\t\t\t\t\t\t\t<\/div>\n\t\t\t\t<\/div>\n\t\t\t\t<div class=\"elementor-element elementor-element-b74a974 elementor-widget elementor-widget-text-editor\" data-id=\"b74a974\" data-element_type=\"widget\" data-widget_type=\"text-editor.default\">\n\t\t\t\t<div class=\"elementor-widget-container\">\n\t\t\t\t\t\t\t\t<p><strong>GRUPO S.A.M, Servicios Agroforestales M\u00faltiples<\/strong>,\u00a0pretende llenar un vac\u00edo existente en el campo de la administraci\u00f3n medioambiental en el Ecuador; nuestro concepto est\u00e1 enfocado hacia la asesor\u00eda, administraci\u00f3n, concepci\u00f3n y puesta en marcha de proyectos agroforestales para entidades p\u00fablicas y privadas. As\u00ed como la producci\u00f3n de especies forestales nativas y ex\u00f3ticas; frutales y ornamentales en el\u00a0Vivero Forestal \u201cSan Camilo\u201d; el cual ofrece adem\u00e1s una amplia gama de servicios de jardiner\u00eda.<\/p><p>Nuestra filosof\u00eda es brindar al cliente un: servicio integral. \u00a0\u00a0\u00a0\u00a0\u00a0\u00a0\u00a0\u00a0<\/p><p>Nuestra empresa est\u00e1 consciente de la responsabilidad e importancia de producir especies de calidad para una explotaci\u00f3n rentable y sostenible.<\/p><p>Nuestra misi\u00f3n es poner a disposici\u00f3n de nuestros clientes una amplia variedad de especies y servicios a precios competitivos a trav\u00e9s de un servicio personalizado.<\/p><p>Nuestro compromiso con la naturaleza y el medio, as\u00ed como la marcada atenci\u00f3n al cliente, se reflejan en los trabajos realizados.<\/p><p><u>TODOS NUESTRO<\/u><em><u>S TRABAJOS EST\u00c0N AVALADOS POR PERSONAL T\u00c8CNICO ALTAMENTE CALIFICADO COMPUESTO POR ING. COMERCIALES, FORESTALES, TECNICOS AGRICOLAS Y T\u00c8CNICOS EN JARDINER\u00ccA Y EXTERIORES.<\/u><\/em><\/p><p>\u00a0Grupo SAM\u00a0es una empresa con mucha experiencia y en constante desarrollo, dedicada al dise\u00f1o, planificaci\u00f3n, construcci\u00f3n, puesta en marcha; y, mantenimiento de \u00e1reas verdes, ya sean estas verticales u horizontales.<\/p><p>Le ofrecemos soluciones integrales a los diversos proyectos para espacios verdes, acordes a cada cliente y su presupuesto.<\/p><p>Creamos jardines adaptados a sus gustos y necesidades.<\/p><ul><li>Presentaci\u00f3n de planos detallados con im\u00e1genes 3d de su futuro jard\u00edn (de ser requerido por el cliente).<\/li><li>Planificamos el jard\u00edn adapt\u00e1ndolo al entorno<\/li><\/ul><p>Realizamos:<\/p><ul><li>Limpieza del terreno<\/li><li>Desmalezado<\/li><li>Nivelaci\u00f3n<\/li><li>Determinaci\u00f3n de pendientes para el correcto escurrimiento del agua<\/li><li>Implementaci\u00f3n de sistemas de drenaje<\/li><li>Preparaci\u00f3n del terreno con sustrato especial formulado y elaborado por los t\u00e9cnicos de la empresa<\/li><li>Recortes y podas de arbustos y \u00e1rboles.<\/li><li>Podas y mantenimientos de cercos.<\/li><li>Colocaci\u00f3n de palmeras, \u00e1rboles, arbustos y todo tipo de plantas ornamentales<\/li><li>Siembra, resiembra y colocaci\u00f3n de c\u00e9sped<\/li><li><a href=\"mantenimiento.html\">Mantenimiento<\/a><\/li><li><a href=\"recuperacion.html\">Recuperaci\u00f3n<\/a><\/li><li><a href=\"fertilizaciones.html\">Fertilizaciones<\/a><\/li><li><a href=\"sistemasderiego.html\">Sistemas de riego<\/a><\/li><\/ul><p>\u00a0<\/p><p>Nuestro servicio integral se inicia con el dise\u00f1o del jard\u00edn, la realizaci\u00f3n misma de la obra, el transporte de los materiales y elementos, hasta la colocaci\u00f3n final de ornamentos, decoraci\u00f3n, y sistemas de riego y luces. Incluso el mantenimiento posterior. Todo realizado \u00edntegramente por especialista. Realizamos trabajos tanto en jardines peque\u00f1os como de grandes extensiones.<\/p><p>Para la construcci\u00f3n y previa ejecuci\u00f3n de un jard\u00edn tenemos en cuenta datos t\u00e9cnicos, (ubicaci\u00f3n geogr\u00e1fica del jard\u00edn, necesidades h\u00eddricas, desniveles, etc) y datos espec\u00edficos de cada jard\u00edn (entorno del mismo, usos, transito, intenci\u00f3n de mantenimientos, etc)<\/p><p>El C\u00e9sped<\/p><p>El c\u00e9sped constituye el elemento principal en un cualquier parque, jard\u00edn o \u00e1rea verde. Para su elecci\u00f3n es necesario tener en cuenta varios factores tales como, exposici\u00f3n solar, circulaci\u00f3n, suelos y posibilidades de riego. Tener en cuenta estos factores al elegir y colocar el c\u00e9sped para nuestro jard\u00edn, nos ahorrar\u00e1 posibles inconvenientes futuros como anegamientos, c\u00e9sped amarrillos, y hasta la p\u00e9rdida total de la superficie del c\u00e9sped.<\/p><p>Creamos superficies con c\u00e9sped, utilizando siempre semillas de calidad garantizada o bien le presentamos alternativas al c\u00e9sped.<\/p><p>En la conservaci\u00f3n del c\u00e9sped realizamos:<\/p><ul><li><strong>Cortes de c\u00e9sped<\/strong><\/li><li><strong>Bordes<\/strong><\/li><li><strong>Resiembra<\/strong><\/li><li><strong>Plan de abonos y fertilizaciones<\/strong><\/li><li><strong>Tratamientos fitosanitarios<\/strong><\/li><li><strong>Desmalezamientos<\/strong><\/li><li><strong>Control de par\u00e1sitos<\/strong><\/li><li><strong>Limpieza y control de residuos<\/strong><\/li><\/ul><p>Todo ello con el objetivo de garantizar la buena salud de su c\u00e9sped.<\/p><p>Realizamos paisajismo de acuerdo a las necesidades del cliente, y utilizando materiales de primera calidad.<\/p><p>Adem\u00e1s, si usted tiene alguna idea, duda o consulta en lo que respecta a su parque o jard\u00edn no dude en consultarnos.<\/p>\t\t\t\t\t\t<\/div>\n\t\t\t\t<\/div>\n\t\t\t\t\t<\/div>\n\t\t<\/div>\n\t\t\t\t\t\t\t<\/div>\n\t\t<\/section>\n\t\t\t\t<section class=\"elementor-section elementor-top-section elementor-element elementor-element-f6c6665 elementor-section-full_width elementor-section-height-default elementor-section-height-default\" data-id=\"f6c6665\" data-element_type=\"section\">\n\t\t\t\t\t\t<div class=\"elementor-container elementor-column-gap-default\">\n\t\t\t\t\t<div class=\"elementor-column elementor-col-100 elementor-top-column elementor-element elementor-element-211eab7\" data-id=\"211eab7\" data-element_type=\"column\">\n\t\t\t<div class=\"elementor-widget-wrap elementor-element-populated\">\n\t\t\t\t\t\t\t\t<div class=\"elementor-element elementor-element-8aa0c0d elementor-widget elementor-widget-image\" data-id=\"8aa0c0d\" data-element_type=\"widget\" data-widget_type=\"image.default\">\n\t\t\t\t<div class=\"elementor-widget-container\">\n\t\t\t\t\t\t\t\t\t\t\t\t\t\t\t<img loading=\"lazy\" decoding=\"async\" width=\"768\" height=\"1086\" src=\"https:\/\/grupo-sam.com\/wp-content\/uploads\/2021\/08\/JARDINERAS-TIPO-IQON-JARDINERAS-DE-BORDE1-768x1086.png\" class=\"attachment-medium_large size-medium_large\" alt=\"\" srcset=\"https:\/\/grupo-sam.com\/wp-content\/uploads\/2021\/08\/JARDINERAS-TIPO-IQON-JARDINERAS-DE-BORDE1-768x1086.png 768w, https:\/\/grupo-sam.com\/wp-content\/uploads\/2021\/08\/JARDINERAS-TIPO-IQON-JARDINERAS-DE-BORDE1-212x300.png 212w, https:\/\/grupo-sam.com\/wp-content\/uploads\/2021\/08\/JARDINERAS-TIPO-IQON-JARDINERAS-DE-BORDE1-724x1024.png 724w, https:\/\/grupo-sam.com\/wp-content\/uploads\/2021\/08\/JARDINERAS-TIPO-IQON-JARDINERAS-DE-BORDE1-1086x1536.png 1086w, https:\/\/grupo-sam.com\/wp-content\/uploads\/2021\/08\/JARDINERAS-TIPO-IQON-JARDINERAS-DE-BORDE1-1448x2048.png 1448w\" sizes=\"auto, (max-width: 768px) 100vw, 768px\" \/>\t\t\t\t\t\t\t\t\t\t\t\t\t\t\t<\/div>\n\t\t\t\t<\/div>\n\t\t\t\t\t<\/div>\n\t\t<\/div>\n\t\t\t\t\t\t\t<\/div>\n\t\t<\/section>\n\t\t\t\t\t\t<\/div>\n\t\t\t\t\t<\/div>\n\t\t","protected":false},"excerpt":{"rendered":"<p>GRUPO S.A.M, Servicios Agroforestales M\u00faltiples,\u00a0pretende llenar un vac\u00edo existente en el campo de la administraci\u00f3n medioambiental en el Ecuador; nuestro concepto est\u00e1 enfocado hacia la asesor\u00eda, administraci\u00f3n, concepci\u00f3n y puesta en marcha de proyectos agroforestales para entidades p\u00fablicas y privadas. As\u00ed como la producci\u00f3n de especies forestales nativas y ex\u00f3ticas; frutales y ornamentales en el\u00a0Vivero [&hellip;]<\/p>\n","protected":false},"author":1,"featured_media":0,"parent":0,"menu_order":0,"comment_status":"closed","ping_status":"closed","template":"","meta":{"om_disable_all_campaigns":false,"_monsterinsights_skip_tracking":false,"_monsterinsights_sitenote_active":false,"_monsterinsights_sitenote_note":"","_monsterinsights_sitenote_category":0,"footnotes":""},"class_list":["post-11","page","type-page","status-publish","hentry","entry"],"_links":{"self":[{"href":"https:\/\/grupo-sam.com\/index.php\/wp-json\/wp\/v2\/pages\/11","targetHints":{"allow":["GET"]}}],"collection":[{"href":"https:\/\/grupo-sam.com\/index.php\/wp-json\/wp\/v2\/pages"}],"about":[{"href":"https:\/\/grupo-sam.com\/index.php\/wp-json\/wp\/v2\/types\/page"}],"author":[{"embeddable":true,"href":"https:\/\/grupo-sam.com\/index.php\/wp-json\/wp\/v2\/users\/1"}],"replies":[{"embeddable":true,"href":"https:\/\/grupo-sam.com\/index.php\/wp-json\/wp\/v2\/comments?post=11"}],"version-history":[{"count":5,"href":"https:\/\/grupo-sam.com\/index.php\/wp-json\/wp\/v2\/pages\/11\/revisions"}],"predecessor-version":[{"id":242,"href":"https:\/\/grupo-sam.com\/index.php\/wp-json\/wp\/v2\/pages\/11\/revisions\/242"}],"wp:attachment":[{"href":"https:\/\/grupo-sam.com\/index.php\/wp-json\/wp\/v2\/media?parent=11"}],"curies":[{"name":"wp","href":"https:\/\/api.w.org\/{rel}","templated":true}]}}